{"id":540,"date":"2018-07-11T19:19:59","date_gmt":"2018-07-11T18:19:59","guid":{"rendered":"http:\/\/www.house-of-rock.fr\/?page_id=540"},"modified":"2025-06-07T18:18:06","modified_gmt":"2025-06-07T17:18:06","slug":"reglement-interieur","status":"publish","type":"page","link":"https:\/\/www.house-of-rock.fr\/?page_id=540","title":{"rendered":"R\u00e8glement int\u00e9rieur"},"content":{"rendered":"<p>[vc_row][vc_column][\/vc_column][\/vc_row][vc_row][vc_column][vc_single_image image=\u00a0\u00bb542&Prime; img_size=\u00a0\u00bbfull\u00a0\u00bb alignment=\u00a0\u00bbcenter\u00a0\u00bb][\/vc_column][\/vc_row][vc_row][vc_column width=\u00a0\u00bb1\/6&Prime;][\/vc_column][vc_column width=\u00a0\u00bb2\/3&Prime;][vc_empty_space][vc_column_text css_animation=\u00a0\u00bbappear\u00a0\u00bb]<\/p>\n<h1><b> R\u00e8glement Int\u00e9rieur et Conditions G\u00e9n\u00e9rales d\u2019Inscription \u2013 House of Rock 2025-2026<\/b><\/h1>\n<h2><b>Article 1 \u2013 Acceptation des conditions<\/b><\/h2>\n<p><span style=\"font-weight: 400;\">Toute inscription \u00e0 une activit\u00e9 ou un stage propos\u00e9s par l\u2019\u00e9cole House of Rock implique l\u2019acceptation sans r\u00e9serve des pr\u00e9sentes conditions g\u00e9n\u00e9rales.<\/span><\/p>\n<h2><b>Article 2 \u2013 Inscriptions annuelles et modalit\u00e9s de paiement<\/b><\/h2>\n<ol>\n<li style=\"font-weight: 400;\" aria-level=\"1\"><b>Inscriptions annuelles obligatoires<\/b><b><br \/>\n<\/b><span style=\"font-weight: 400;\"> Toutes les inscriptions sont <\/span><b>annuelles<\/b><span style=\"font-weight: 400;\">, quel que soit le mode de paiement choisi.<\/span><span style=\"font-weight: 400;\"><\/p>\n<p><\/span><\/li>\n<li style=\"font-weight: 400;\" aria-level=\"1\"><b>Paiement \u00e9chelonn\u00e9<\/b><b><br \/>\n<\/b><span style=\"font-weight: 400;\"> Des paiements en 1, 3 ou 10 fois sont propos\u00e9s via HelloAsso.<\/span><span style=\"font-weight: 400;\"><br \/>\n<\/span> <i><span style=\"font-weight: 400;\">\u00c0 noter : l\u2019option de paiement en 10 fois est uniquement disponible jusqu\u2019au 30 septembre.<\/span><\/i><i><span style=\"font-weight: 400;\"><\/p>\n<p><\/span><\/i><\/li>\n<li style=\"font-weight: 400;\" aria-level=\"1\"><b>R\u00e9tractation et remboursement<\/b><b><br \/>\n<\/b><span style=\"font-weight: 400;\"> Aucun remboursement ne sera accord\u00e9 pass\u00e9 le premier mois de cours, sauf en cas de circonstances exceptionnelles (maladie grave, accident, d\u00e9m\u00e9nagement). Dans ces cas, un remboursement partiel pourra \u00eatre envisag\u00e9 sur la base d\u2019un <\/span><b>prorata des cours restants<\/b><span style=\"font-weight: 400;\">, hors adh\u00e9sion.<\/span><span style=\"font-weight: 400;\"><\/p>\n<p><\/span><\/li>\n<li style=\"font-weight: 400;\" aria-level=\"1\"><b>Stages<\/b><b><br \/>\n<\/b><span style=\"font-weight: 400;\"> Aucun remboursement ne sera accord\u00e9 \u00e0 moins d\u2019une semaine du d\u00e9but du stage, sauf cas exceptionnels comme ci-dessus.<\/span><span style=\"font-weight: 400;\"><\/p>\n<p><\/span><\/li>\n<\/ol>\n<h2><b>Article 3 \u2013 Fonctionnement des cours<\/b><\/h2>\n<p><span style=\"font-weight: 400;\">Les horaires indiqu\u00e9s incluent l\u2019entr\u00e9e, la sortie, et le rangement du mat\u00e9riel.<\/span><span style=\"font-weight: 400;\"><br \/>\n<\/span><span style=\"font-weight: 400;\"> Une <\/span><b>audition pr\u00e9alable<\/b><span style=\"font-weight: 400;\"> est requise pour toute premi\u00e8re participation aux ateliers \u00ab\u00a0Jeune Rockeur\u00a0\u00bb ou \u00ab\u00a0Rockeur Aguerri\u00a0\u00bb.<\/span><\/p>\n<h2><b>Article 4 \u2013 Rejet de paiement<\/b><\/h2>\n<p><span style=\"font-weight: 400;\">Tout usager non \u00e0 jour de ses paiements se verra refuser l\u2019acc\u00e8s aux cours.<\/span><span style=\"font-weight: 400;\"><br \/>\n<\/span><span style=\"font-weight: 400;\"> En cas de rejet bancaire, le montant total restant d\u00fb ainsi que les <\/span><b>frais associ\u00e9s<\/b><span style=\"font-weight: 400;\"> devront \u00eatre r\u00e9gularis\u00e9s rapidement.<\/span><\/p>\n<h2><b>Article 5 \u2013 Absences<\/b><\/h2>\n<ul>\n<li style=\"font-weight: 400;\" aria-level=\"1\"><span style=\"font-weight: 400;\">Les absences des \u00e9l\u00e8ves ne donnent pas lieu \u00e0 rattrapage.<\/span><span style=\"font-weight: 400;\"><\/span><\/li>\n<li style=\"font-weight: 400;\" aria-level=\"1\"><span style=\"font-weight: 400;\">Si l\u2019enseignant est indisponible, un rattrapage est propos\u00e9.<\/span><span style=\"font-weight: 400;\"><\/span><\/li>\n<li style=\"font-weight: 400;\" aria-level=\"1\"><span style=\"font-weight: 400;\">En cours collectif, <\/span><b>aucun rattrapage individuel<\/b><span style=\"font-weight: 400;\"> ne sera organis\u00e9.<\/span><span style=\"font-weight: 400;\"><\/span><\/li>\n<li style=\"font-weight: 400;\" aria-level=\"1\"><span style=\"font-weight: 400;\">En cas de rattrapage collectif, <\/span><b>le choix du cr\u00e9neau est d\u00e9cid\u00e9 par la majorit\u00e9 du groupe.<\/b><b><\/b><\/li>\n<\/ul>\n<h2><b>Article 6 \u2013 Modification ou annulation d\u2019activit\u00e9<\/b><\/h2>\n<p><span style=\"font-weight: 400;\">House of Rock se r\u00e9serve le droit de <\/span><b>modifier ou annuler un cours<\/b><span style=\"font-weight: 400;\"> apr\u00e8s 4 s\u00e9ances (1 mois) si l\u2019effectif est insuffisant.<\/span><span style=\"font-weight: 400;\"><br \/>\n<\/span><span style=\"font-weight: 400;\"> Un changement de format (ex. : collectif vers individuel) peut entra\u00eener une <\/span><b>adaptation tarifaire<\/b><span style=\"font-weight: 400;\">.<\/span><span style=\"font-weight: 400;\"><br \/>\n<\/span><span style=\"font-weight: 400;\"> En cas de suppression, un remboursement au prorata sera effectu\u00e9, <\/span><b>hors frais d\u2019adh\u00e9sion<\/b><span style=\"font-weight: 400;\">.<\/span><\/p>\n<h2><b>Article 7 \u2013 Inaccessibilit\u00e9 des locaux<\/b><\/h2>\n<p><span style=\"font-weight: 400;\">Si les locaux deviennent temporairement inaccessibles, des <\/span><b>cours \u00e0 distance<\/b><span style=\"font-weight: 400;\"> (visioconf\u00e9rence, enregistrements) seront propos\u00e9s.<\/span><span style=\"font-weight: 400;\"><br \/>\n<\/span><span style=\"font-weight: 400;\"> Ces solutions seront consid\u00e9r\u00e9es comme \u00e9quivalentes \u00e0 un cours normal.<\/span><\/p>\n<h2><b>Article 8 \u2013 Responsabilit\u00e9 des mineurs<\/b><\/h2>\n<p><span style=\"font-weight: 400;\">Les enfants doivent \u00eatre <\/span><b>accompagn\u00e9s \u00e0 l\u2019entr\u00e9e et \u00e0 la sortie<\/b><span style=\"font-weight: 400;\"> des cours.<\/span><span style=\"font-weight: 400;\"><br \/>\n<\/span><span style=\"font-weight: 400;\"> Les professeurs ne sont pas responsables des mineurs en dehors des horaires de cours.<\/span><span style=\"font-weight: 400;\"><br \/>\n<\/span><span style=\"font-weight: 400;\"> Aucun \u00e9l\u00e8ve ne doit attendre seul dans les locaux.<\/span><span style=\"font-weight: 400;\"><br \/>\n<\/span><span style=\"font-weight: 400;\"> Une <\/span><b>assurance responsabilit\u00e9 civile<\/b><span style=\"font-weight: 400;\"> et <\/span><b>accident<\/b><span style=\"font-weight: 400;\"> est obligatoire pour chaque \u00e9l\u00e8ve.<\/span><\/p>\n<h2><b>Article 9 \u2013 Donn\u00e9es personnelles<\/b><\/h2>\n<p><span style=\"font-weight: 400;\">Les donn\u00e9es collect\u00e9es sont utilis\u00e9es uniquement pour le bon fonctionnement de l\u2019\u00e9cole.<\/span><span style=\"font-weight: 400;\"><br \/>\n<\/span><span style=\"font-weight: 400;\"> Certaines informations peuvent \u00eatre transmises \u00e0 HelloAsso (paiement en ligne).<\/span><span style=\"font-weight: 400;\"><br \/>\n<\/span><span style=\"font-weight: 400;\"> Pour toute question ou demande de suppression de vos donn\u00e9es, contactez :<\/span><span style=\"font-weight: 400;\"><br \/>\n<\/span><span style=\"font-weight: 400;\">  houseofrockasso@gmail.com<\/span><span style=\"font-weight: 400;\"><br \/>\n<\/span><span style=\"font-weight: 400;\"> <\/span><a href=\"http:\/\/www.house-of-rock.fr\"> <span style=\"font-weight: 400;\">www.house-of-rock.fr<\/span><\/a><\/p>\n<h2><b> Article 10 \u2013 Jours f\u00e9ri\u00e9s<\/b><\/h2>\n<p><span style=\"font-weight: 400;\">Les cours tombant un <\/span><b>jour f\u00e9ri\u00e9 officiel<\/b><span style=\"font-weight: 400;\"> ne sont <\/span><b>ni assur\u00e9s ni rattrap\u00e9s<\/b><span style=\"font-weight: 400;\">.<\/span><\/p>\n<p><span style=\"font-weight: 400;\">Le tarif annuel est calcul\u00e9 sur la base de <\/span><b>33 s\u00e9ances r\u00e9parties sur l\u2019ann\u00e9e scolaire<\/b><span style=\"font-weight: 400;\">, hors vacances scolaires.<\/span><\/p>\n<p><span style=\"font-weight: 400;\">Toutefois, en cas de jour f\u00e9ri\u00e9 tombant sur le cr\u00e9neau habituel de l\u2019\u00e9l\u00e8ve, il est possible que le nombre de cours effectivement dispens\u00e9s soit inf\u00e9rieur \u00e0 33.<\/span><\/p>\n<p><b>Cette \u00e9ventualit\u00e9 est int\u00e9gr\u00e9e dans la tarification globale<\/b><span style=\"font-weight: 400;\">, qui repose sur une moyenne annuelle de fonctionnement. Aucune compensation financi\u00e8re ne pourra \u00eatre demand\u00e9e dans ce cas.<\/span><\/p>\n<h2><b> Article 11 \u2013 Aides financi\u00e8res et remboursements HelloAsso<\/b><\/h2>\n<p><span style=\"font-weight: 400;\">Les aides suivantes sont accept\u00e9es : <\/span><b>Pass+<\/b><span style=\"font-weight: 400;\">, <\/span><b>Pass Culture<\/b><span style=\"font-weight: 400;\">, <\/span><b>LABAZ<\/b><span style=\"font-weight: 400;\">.<\/span><span style=\"font-weight: 400;\"><br \/>\n<\/span><span style=\"font-weight: 400;\"> Les dons participatifs HelloAsso sont g\u00e9r\u00e9s par HelloAsso (et non par House of Rock).<\/span><span style=\"font-weight: 400;\"><br \/>\n<\/span><span style=\"font-weight: 400;\"> En cas de trop-per\u00e7u ou d\u2019erreur de paiement, seuls les <\/span><b>frais d\u2019inscription li\u00e9s \u00e0 House of Rock<\/b><span style=\"font-weight: 400;\"> seront rembours\u00e9s.<\/span>[\/vc_column_text][vc_empty_space][\/vc_column][vc_column width=\u00a0\u00bb1\/6&Prime;][\/vc_column][\/vc_row][vc_row][vc_column][vc_single_image image=\u00a0\u00bb546&Prime; img_size=\u00a0\u00bbfull\u00a0\u00bb alignment=\u00a0\u00bbcenter\u00a0\u00bb][\/vc_column][\/vc_row]<\/p>\n","protected":false},"excerpt":{"rendered":"<p>[vc_row][vc_column][\/vc_column][\/vc_row][vc_row][vc_column][vc_single_image image=\u00a0\u00bb542&Prime; img_size=\u00a0\u00bbfull\u00a0\u00bb alignment=\u00a0\u00bbcenter\u00a0\u00bb][\/vc_column][\/vc_row][vc_row][vc_column width=\u00a0\u00bb1\/6&Prime;][\/vc_column][vc_column width=\u00a0\u00bb2\/3&Prime;][vc_empty_space][vc_column_text css_animation=\u00a0\u00bbappear\u00a0\u00bb] R\u00e8glement Int\u00e9rieur et Conditions G\u00e9n\u00e9rales d\u2019Inscription \u2013 House of Rock 2025-2026 Article 1 \u2013 Acceptation des conditions Toute inscription \u00e0 une activit\u00e9 ou un stage propos\u00e9s par l\u2019\u00e9cole House of Rock implique l\u2019acceptation sans r\u00e9serve des pr\u00e9sentes conditions g\u00e9n\u00e9rales. Article 2 \u2013 Inscriptions annuelles et modalit\u00e9s de paiement [&hellip;]<\/p>\n","protected":false},"author":1,"featured_media":0,"parent":0,"menu_order":0,"comment_status":"closed","ping_status":"closed","template":"","meta":{"footnotes":""},"class_list":["post-540","page","type-page","status-publish","hentry"],"_links":{"self":[{"href":"https:\/\/www.house-of-rock.fr\/index.php?rest_route=\/wp\/v2\/pages\/540","targetHints":{"allow":["GET"]}}],"collection":[{"href":"https:\/\/www.house-of-rock.fr\/index.php?rest_route=\/wp\/v2\/pages"}],"about":[{"href":"https:\/\/www.house-of-rock.fr\/index.php?rest_route=\/wp\/v2\/types\/page"}],"author":[{"embeddable":true,"href":"https:\/\/www.house-of-rock.fr\/index.php?rest_route=\/wp\/v2\/users\/1"}],"replies":[{"embeddable":true,"href":"https:\/\/www.house-of-rock.fr\/index.php?rest_route=%2Fwp%2Fv2%2Fcomments&post=540"}],"version-history":[{"count":12,"href":"https:\/\/www.house-of-rock.fr\/index.php?rest_route=\/wp\/v2\/pages\/540\/revisions"}],"predecessor-version":[{"id":1141,"href":"https:\/\/www.house-of-rock.fr\/index.php?rest_route=\/wp\/v2\/pages\/540\/revisions\/1141"}],"wp:attachment":[{"href":"https:\/\/www.house-of-rock.fr\/index.php?rest_route=%2Fwp%2Fv2%2Fmedia&parent=540"}],"curies":[{"name":"wp","href":"https:\/\/api.w.org\/{rel}","templated":true}]}}